{"id":1338,"date":"2014-10-19T17:31:57","date_gmt":"2014-10-19T15:31:57","guid":{"rendered":"http:\/\/www.barbaramilavec.com\/?page_id=1338"},"modified":"2026-04-17T19:38:35","modified_gmt":"2026-04-17T17:38:35","slug":"nature-conservation-photographer","status":"publish","type":"page","link":"https:\/\/barbaramilavec.com\/sl\/fotoreportaza-ohranjanje-narave-transilvanija\/","title":{"rendered":"Ohranjanje mokri\u0161\u010d v Transilvaniji"},"content":{"rendered":"ngg_shortcode_0_placeholder\n\n\n<p><\/p>\n\n\n\n<p class=\"has-text-align-center\">Foto zgodba z delavnice imenovane \u201cU\u010denje preko prostovoljnega dela - ohranjanje celinskih mokri\u0161\u010d v Transilvaniji\u201d, ki jo je organiziralo <a href=\"http:\/\/www.ecotransilvania.ro\/\">zdru\u017eenje Ecotransilvania<\/a>. Delavnica se je odvijala v tradicionalni mad\u017earski vasici Sic sredi \u010dudovite transilvanske narave.<\/p>","protected":false},"excerpt":{"rendered":"<p>Foto zgodba z delavnice imenovane \u201cU\u010denje preko prostovoljnega dela - ohranjanje celinskih mokri\u0161\u010d v Transilvaniji\u201d, ki jo je organiziralo zdru\u017eenje Ecotransilvania. Delavnica se je odvijala v tradicionalni mad\u017earski vasici Sic sredi \u010dudovite transilvanske narave.<\/p>","protected":false},"author":1,"featured_media":0,"parent":0,"menu_order":0,"comment_status":"closed","ping_status":"closed","template":"","meta":{"ngg_post_thumbnail":0,"footnotes":""},"class_list":["post-1338","page","type-page","status-publish"],"yoast_head":"<!-- This site is optimized with the Yoast SEO plugin v27.5 - https:\/\/yoast.com\/product\/yoast-seo-wordpress\/ -->\n<title>Conservation of Inland Wetlands in Transylvania - Barbara Milavec<\/title>\n<meta name=\"description\" content=\"Photo-reportage of the workshop &quot;Learning through volunteering - conservation of inland wetlands in Transylvania&quot;, organised by Ecotransilvania and funded by EU.\" \/>\n<meta name=\"robots\" content=\"index, follow, max-snippet:-1, max-image-preview:large, max-video-preview:-1\" \/>\n<link rel=\"canonical\" href=\"https:\/\/barbaramilavec.com\/sl\/nature-conservation-photographer\/\" \/>\n<meta property=\"og:locale\" content=\"sl_SI\" \/>\n<meta property=\"og:type\" content=\"article\" \/>\n<meta property=\"og:title\" content=\"Conservation of Inland Wetlands in Transylvania - Barbara Milavec\" \/>\n<meta property=\"og:description\" content=\"Photo-reportage of the workshop &quot;Learning through volunteering - conservation of inland wetlands in Transylvania&quot;, organised by Ecotransilvania and funded by EU.\" \/>\n<meta property=\"og:url\" content=\"https:\/\/barbaramilavec.com\/sl\/nature-conservation-photographer\/\" \/>\n<meta property=\"og:site_name\" content=\"Barbara Milavec\" \/>\n<meta property=\"article:publisher\" content=\"https:\/\/www.facebook.com\/BarbaraMilavecPhotography\" \/>\n<meta property=\"article:modified_time\" content=\"2026-04-17T17:38:35+00:00\" \/>\n<meta name=\"twitter:card\" content=\"summary_large_image\" \/>\n<meta name=\"twitter:site\" content=\"@BarbaraMilavec\" \/>\n<meta name=\"twitter:label1\" content=\"Est. reading time\" \/>\n\t<meta name=\"twitter:data1\" content=\"1 minuta\" \/>\n<script type=\"application\/ld+json\" class=\"yoast-schema-graph\">{\"@context\":\"https:\\\/\\\/schema.org\",\"@graph\":[{\"@type\":\"WebPage\",\"@id\":\"https:\\\/\\\/barbaramilavec.com\\\/nature-conservation-photographer\\\/\",\"url\":\"https:\\\/\\\/barbaramilavec.com\\\/nature-conservation-photographer\\\/\",\"name\":\"Conservation of Inland Wetlands in Transylvania - Barbara Milavec\",\"isPartOf\":{\"@id\":\"https:\\\/\\\/barbaramilavec.com\\\/#website\"},\"datePublished\":\"2014-10-19T15:31:57+00:00\",\"dateModified\":\"2026-04-17T17:38:35+00:00\",\"description\":\"Photo-reportage of the workshop \\\"Learning through volunteering - conservation of inland wetlands in Transylvania\\\", organised by Ecotransilvania and funded by EU.\",\"breadcrumb\":{\"@id\":\"https:\\\/\\\/barbaramilavec.com\\\/nature-conservation-photographer\\\/#breadcrumb\"},\"inLanguage\":\"sl-SI\",\"potentialAction\":[{\"@type\":\"ReadAction\",\"target\":[\"https:\\\/\\\/barbaramilavec.com\\\/nature-conservation-photographer\\\/\"]}]},{\"@type\":\"BreadcrumbList\",\"@id\":\"https:\\\/\\\/barbaramilavec.com\\\/nature-conservation-photographer\\\/#breadcrumb\",\"itemListElement\":[{\"@type\":\"ListItem\",\"position\":1,\"name\":\"Home\",\"item\":\"https:\\\/\\\/barbaramilavec.com\\\/\"},{\"@type\":\"ListItem\",\"position\":2,\"name\":\"Conservation of Inland Wetlands in Transylvania\"}]},{\"@type\":\"WebSite\",\"@id\":\"https:\\\/\\\/barbaramilavec.com\\\/#website\",\"url\":\"https:\\\/\\\/barbaramilavec.com\\\/\",\"name\":\"Barbara Milavec\",\"description\":\"Photographer\",\"publisher\":{\"@id\":\"https:\\\/\\\/barbaramilavec.com\\\/#organization\"},\"potentialAction\":[{\"@type\":\"SearchAction\",\"target\":{\"@type\":\"EntryPoint\",\"urlTemplate\":\"https:\\\/\\\/barbaramilavec.com\\\/?s={search_term_string}\"},\"query-input\":{\"@type\":\"PropertyValueSpecification\",\"valueRequired\":true,\"valueName\":\"search_term_string\"}}],\"inLanguage\":\"sl-SI\"},{\"@type\":\"Organization\",\"@id\":\"https:\\\/\\\/barbaramilavec.com\\\/#organization\",\"name\":\"Barbara Milavec s.p.\",\"url\":\"https:\\\/\\\/barbaramilavec.com\\\/\",\"logo\":{\"@type\":\"ImageObject\",\"inLanguage\":\"sl-SI\",\"@id\":\"https:\\\/\\\/barbaramilavec.com\\\/#\\\/schema\\\/logo\\\/image\\\/\",\"url\":\"https:\\\/\\\/barbaramilavec.com\\\/wp-content\\\/uploads\\\/barbara-milavec-photographer.jpg\",\"contentUrl\":\"https:\\\/\\\/barbaramilavec.com\\\/wp-content\\\/uploads\\\/barbara-milavec-photographer.jpg\",\"width\":280,\"height\":280,\"caption\":\"Barbara Milavec s.p.\"},\"image\":{\"@id\":\"https:\\\/\\\/barbaramilavec.com\\\/#\\\/schema\\\/logo\\\/image\\\/\"},\"sameAs\":[\"https:\\\/\\\/www.facebook.com\\\/BarbaraMilavecPhotography\",\"https:\\\/\\\/x.com\\\/BarbaraMilavec\",\"https:\\\/\\\/www.instagram.com\\\/barbara.milavec\",\"https:\\\/\\\/www.linkedin.com\\\/in\\\/barbaramilavec\"]}]}<\/script>\n<!-- \/ Yoast SEO plugin. -->","yoast_head_json":{"title":"Conservation of Inland Wetlands in Transylvania - Barbara Milavec","description":"Photo-reportage of the workshop \"Learning through volunteering - conservation of inland wetlands in Transylvania\", organised by Ecotransilvania and funded by EU.","robots":{"index":"index","follow":"follow","max-snippet":"max-snippet:-1","max-image-preview":"max-image-preview:large","max-video-preview":"max-video-preview:-1"},"canonical":"https:\/\/barbaramilavec.com\/sl\/nature-conservation-photographer\/","og_locale":"sl_SI","og_type":"article","og_title":"Conservation of Inland Wetlands in Transylvania - Barbara Milavec","og_description":"Photo-reportage of the workshop \"Learning through volunteering - conservation of inland wetlands in Transylvania\", organised by Ecotransilvania and funded by EU.","og_url":"https:\/\/barbaramilavec.com\/sl\/nature-conservation-photographer\/","og_site_name":"Barbara Milavec","article_publisher":"https:\/\/www.facebook.com\/BarbaraMilavecPhotography","article_modified_time":"2026-04-17T17:38:35+00:00","twitter_card":"summary_large_image","twitter_site":"@BarbaraMilavec","twitter_misc":{"Est. reading time":"1 minuta"},"schema":{"@context":"https:\/\/schema.org","@graph":[{"@type":"WebPage","@id":"https:\/\/barbaramilavec.com\/nature-conservation-photographer\/","url":"https:\/\/barbaramilavec.com\/nature-conservation-photographer\/","name":"Conservation of Inland Wetlands in Transylvania - Barbara Milavec","isPartOf":{"@id":"https:\/\/barbaramilavec.com\/#website"},"datePublished":"2014-10-19T15:31:57+00:00","dateModified":"2026-04-17T17:38:35+00:00","description":"Photo-reportage of the workshop \"Learning through volunteering - conservation of inland wetlands in Transylvania\", organised by Ecotransilvania and funded by EU.","breadcrumb":{"@id":"https:\/\/barbaramilavec.com\/nature-conservation-photographer\/#breadcrumb"},"inLanguage":"sl-SI","potentialAction":[{"@type":"ReadAction","target":["https:\/\/barbaramilavec.com\/nature-conservation-photographer\/"]}]},{"@type":"BreadcrumbList","@id":"https:\/\/barbaramilavec.com\/nature-conservation-photographer\/#breadcrumb","itemListElement":[{"@type":"ListItem","position":1,"name":"Home","item":"https:\/\/barbaramilavec.com\/"},{"@type":"ListItem","position":2,"name":"Conservation of Inland Wetlands in Transylvania"}]},{"@type":"WebSite","@id":"https:\/\/barbaramilavec.com\/#website","url":"https:\/\/barbaramilavec.com\/","name":"Barbara Milavec","description":"Fotografinja","publisher":{"@id":"https:\/\/barbaramilavec.com\/#organization"},"potentialAction":[{"@type":"SearchAction","target":{"@type":"EntryPoint","urlTemplate":"https:\/\/barbaramilavec.com\/?s={search_term_string}"},"query-input":{"@type":"PropertyValueSpecification","valueRequired":true,"valueName":"search_term_string"}}],"inLanguage":"sl-SI"},{"@type":"Organization","@id":"https:\/\/barbaramilavec.com\/#organization","name":"Barbara Milavec s.p.","url":"https:\/\/barbaramilavec.com\/","logo":{"@type":"ImageObject","inLanguage":"sl-SI","@id":"https:\/\/barbaramilavec.com\/#\/schema\/logo\/image\/","url":"https:\/\/barbaramilavec.com\/wp-content\/uploads\/barbara-milavec-photographer.jpg","contentUrl":"https:\/\/barbaramilavec.com\/wp-content\/uploads\/barbara-milavec-photographer.jpg","width":280,"height":280,"caption":"Barbara Milavec s.p."},"image":{"@id":"https:\/\/barbaramilavec.com\/#\/schema\/logo\/image\/"},"sameAs":["https:\/\/www.facebook.com\/BarbaraMilavecPhotography","https:\/\/x.com\/BarbaraMilavec","https:\/\/www.instagram.com\/barbara.milavec","https:\/\/www.linkedin.com\/in\/barbaramilavec"]}]}},"_links":{"self":[{"href":"https:\/\/barbaramilavec.com\/sl\/wp-json\/wp\/v2\/pages\/1338","targetHints":{"allow":["GET"]}}],"collection":[{"href":"https:\/\/barbaramilavec.com\/sl\/wp-json\/wp\/v2\/pages"}],"about":[{"href":"https:\/\/barbaramilavec.com\/sl\/wp-json\/wp\/v2\/types\/page"}],"author":[{"embeddable":true,"href":"https:\/\/barbaramilavec.com\/sl\/wp-json\/wp\/v2\/users\/1"}],"replies":[{"embeddable":true,"href":"https:\/\/barbaramilavec.com\/sl\/wp-json\/wp\/v2\/comments?post=1338"}],"version-history":[{"count":40,"href":"https:\/\/barbaramilavec.com\/sl\/wp-json\/wp\/v2\/pages\/1338\/revisions"}],"predecessor-version":[{"id":6320,"href":"https:\/\/barbaramilavec.com\/sl\/wp-json\/wp\/v2\/pages\/1338\/revisions\/6320"}],"wp:attachment":[{"href":"https:\/\/barbaramilavec.com\/sl\/wp-json\/wp\/v2\/media?parent=1338"}],"curies":[{"name":"wp","href":"https:\/\/api.w.org\/{rel}","templated":true}]}}