{"id":1714,"date":"2016-04-20T22:43:09","date_gmt":"2016-04-20T20:43:09","guid":{"rendered":"http:\/\/barbaramilavec.com\/?page_id=1714"},"modified":"2019-05-23T18:19:58","modified_gmt":"2019-05-23T16:19:58","slug":"lifestyle-photographer","status":"publish","type":"page","link":"https:\/\/barbaramilavec.com\/sl\/fotoreportaza-glamping-v-istri\/","title":{"rendered":"Glamping v Istri"},"content":{"rendered":"ngg_shortcode_0_placeholder\n\n\n<p style=\"text-align:center\"><\/p>\n\n\n\n<p><\/p>\n\n\n\n<p style=\"text-align:center\">Glamping v Istri je bilo naro\u010dilo opravljeno za revijo ADAC Freizeit Mobil. Namen naloge je bil dokumentirati aktivnosti dru\u017eine na po\u010ditnicah v kampu Lanterna blizu Pore\u010da na Hrva\u0161kem in pa tudi prikazati okolico ter namestitev dru\u017eine v glamping \u0161otoru.<\/p>","protected":false},"excerpt":{"rendered":"<p>Glamping v Istri je bilo naro\u010dilo opravljeno za revijo ADAC Freizeit Mobil. Namen naloge je bil dokumentirati aktivnosti dru\u017eine na po\u010ditnicah v kampu Lanterna blizu Pore\u010da na Hrva\u0161kem in pa tudi prikazati okolico ter namestitev dru\u017eine v glamping \u0161otoru.<\/p>","protected":false},"author":1,"featured_media":0,"parent":0,"menu_order":0,"comment_status":"closed","ping_status":"closed","template":"","meta":{"ngg_post_thumbnail":0,"footnotes":""},"class_list":["post-1714","page","type-page","status-publish"],"yoast_head":"<!-- This site is optimized with the Yoast SEO plugin v27.5 - https:\/\/yoast.com\/product\/yoast-seo-wordpress\/ -->\n<title>Glamping in Istria - Barbara Milavec<\/title>\n<meta name=\"description\" content=\"Photo-reportage assignment for ADAC Freizeit Mobil Magazine.\" \/>\n<meta name=\"robots\" content=\"index, follow, max-snippet:-1, max-image-preview:large, max-video-preview:-1\" \/>\n<link rel=\"canonical\" href=\"https:\/\/barbaramilavec.com\/sl\/lifestyle-photographer\/\" \/>\n<meta property=\"og:locale\" content=\"sl_SI\" \/>\n<meta property=\"og:type\" content=\"article\" \/>\n<meta property=\"og:title\" content=\"Glamping in Istria - Barbara Milavec\" \/>\n<meta property=\"og:description\" content=\"Photo-reportage assignment for ADAC Freizeit Mobil Magazine.\" \/>\n<meta property=\"og:url\" content=\"https:\/\/barbaramilavec.com\/sl\/lifestyle-photographer\/\" \/>\n<meta property=\"og:site_name\" content=\"Barbara Milavec\" \/>\n<meta property=\"article:publisher\" content=\"https:\/\/www.facebook.com\/BarbaraMilavecPhotography\" \/>\n<meta property=\"article:modified_time\" content=\"2019-05-23T16:19:58+00:00\" \/>\n<meta name=\"twitter:card\" content=\"summary_large_image\" \/>\n<meta name=\"twitter:site\" content=\"@BarbaraMilavec\" \/>\n<script type=\"application\/ld+json\" class=\"yoast-schema-graph\">{\"@context\":\"https:\\\/\\\/schema.org\",\"@graph\":[{\"@type\":\"WebPage\",\"@id\":\"https:\\\/\\\/barbaramilavec.com\\\/lifestyle-photographer\\\/\",\"url\":\"https:\\\/\\\/barbaramilavec.com\\\/lifestyle-photographer\\\/\",\"name\":\"Glamping in Istria - Barbara Milavec\",\"isPartOf\":{\"@id\":\"https:\\\/\\\/barbaramilavec.com\\\/#website\"},\"datePublished\":\"2016-04-20T20:43:09+00:00\",\"dateModified\":\"2019-05-23T16:19:58+00:00\",\"description\":\"Photo-reportage assignment for ADAC Freizeit Mobil Magazine.\",\"breadcrumb\":{\"@id\":\"https:\\\/\\\/barbaramilavec.com\\\/lifestyle-photographer\\\/#breadcrumb\"},\"inLanguage\":\"sl-SI\",\"potentialAction\":[{\"@type\":\"ReadAction\",\"target\":[\"https:\\\/\\\/barbaramilavec.com\\\/lifestyle-photographer\\\/\"]}]},{\"@type\":\"BreadcrumbList\",\"@id\":\"https:\\\/\\\/barbaramilavec.com\\\/lifestyle-photographer\\\/#breadcrumb\",\"itemListElement\":[{\"@type\":\"ListItem\",\"position\":1,\"name\":\"Home\",\"item\":\"https:\\\/\\\/barbaramilavec.com\\\/\"},{\"@type\":\"ListItem\",\"position\":2,\"name\":\"Glamping in Istria\"}]},{\"@type\":\"WebSite\",\"@id\":\"https:\\\/\\\/barbaramilavec.com\\\/#website\",\"url\":\"https:\\\/\\\/barbaramilavec.com\\\/\",\"name\":\"Barbara Milavec\",\"description\":\"Photographer\",\"publisher\":{\"@id\":\"https:\\\/\\\/barbaramilavec.com\\\/#organization\"},\"potentialAction\":[{\"@type\":\"SearchAction\",\"target\":{\"@type\":\"EntryPoint\",\"urlTemplate\":\"https:\\\/\\\/barbaramilavec.com\\\/?s={search_term_string}\"},\"query-input\":{\"@type\":\"PropertyValueSpecification\",\"valueRequired\":true,\"valueName\":\"search_term_string\"}}],\"inLanguage\":\"sl-SI\"},{\"@type\":\"Organization\",\"@id\":\"https:\\\/\\\/barbaramilavec.com\\\/#organization\",\"name\":\"Barbara Milavec s.p.\",\"url\":\"https:\\\/\\\/barbaramilavec.com\\\/\",\"logo\":{\"@type\":\"ImageObject\",\"inLanguage\":\"sl-SI\",\"@id\":\"https:\\\/\\\/barbaramilavec.com\\\/#\\\/schema\\\/logo\\\/image\\\/\",\"url\":\"https:\\\/\\\/barbaramilavec.com\\\/wp-content\\\/uploads\\\/barbara-milavec-photographer.jpg\",\"contentUrl\":\"https:\\\/\\\/barbaramilavec.com\\\/wp-content\\\/uploads\\\/barbara-milavec-photographer.jpg\",\"width\":280,\"height\":280,\"caption\":\"Barbara Milavec s.p.\"},\"image\":{\"@id\":\"https:\\\/\\\/barbaramilavec.com\\\/#\\\/schema\\\/logo\\\/image\\\/\"},\"sameAs\":[\"https:\\\/\\\/www.facebook.com\\\/BarbaraMilavecPhotography\",\"https:\\\/\\\/x.com\\\/BarbaraMilavec\",\"https:\\\/\\\/www.instagram.com\\\/barbara.milavec\",\"https:\\\/\\\/www.linkedin.com\\\/in\\\/barbaramilavec\"]}]}<\/script>\n<!-- \/ Yoast SEO plugin. -->","yoast_head_json":{"title":"Glamping in Istria - Barbara Milavec","description":"Photo-reportage assignment for ADAC Freizeit Mobil Magazine.","robots":{"index":"index","follow":"follow","max-snippet":"max-snippet:-1","max-image-preview":"max-image-preview:large","max-video-preview":"max-video-preview:-1"},"canonical":"https:\/\/barbaramilavec.com\/sl\/lifestyle-photographer\/","og_locale":"sl_SI","og_type":"article","og_title":"Glamping in Istria - Barbara Milavec","og_description":"Photo-reportage assignment for ADAC Freizeit Mobil Magazine.","og_url":"https:\/\/barbaramilavec.com\/sl\/lifestyle-photographer\/","og_site_name":"Barbara Milavec","article_publisher":"https:\/\/www.facebook.com\/BarbaraMilavecPhotography","article_modified_time":"2019-05-23T16:19:58+00:00","twitter_card":"summary_large_image","twitter_site":"@BarbaraMilavec","schema":{"@context":"https:\/\/schema.org","@graph":[{"@type":"WebPage","@id":"https:\/\/barbaramilavec.com\/lifestyle-photographer\/","url":"https:\/\/barbaramilavec.com\/lifestyle-photographer\/","name":"Glamping in Istria - Barbara Milavec","isPartOf":{"@id":"https:\/\/barbaramilavec.com\/#website"},"datePublished":"2016-04-20T20:43:09+00:00","dateModified":"2019-05-23T16:19:58+00:00","description":"Photo-reportage assignment for ADAC Freizeit Mobil Magazine.","breadcrumb":{"@id":"https:\/\/barbaramilavec.com\/lifestyle-photographer\/#breadcrumb"},"inLanguage":"sl-SI","potentialAction":[{"@type":"ReadAction","target":["https:\/\/barbaramilavec.com\/lifestyle-photographer\/"]}]},{"@type":"BreadcrumbList","@id":"https:\/\/barbaramilavec.com\/lifestyle-photographer\/#breadcrumb","itemListElement":[{"@type":"ListItem","position":1,"name":"Home","item":"https:\/\/barbaramilavec.com\/"},{"@type":"ListItem","position":2,"name":"Glamping in Istria"}]},{"@type":"WebSite","@id":"https:\/\/barbaramilavec.com\/#website","url":"https:\/\/barbaramilavec.com\/","name":"Barbara Milavec","description":"Fotografinja","publisher":{"@id":"https:\/\/barbaramilavec.com\/#organization"},"potentialAction":[{"@type":"SearchAction","target":{"@type":"EntryPoint","urlTemplate":"https:\/\/barbaramilavec.com\/?s={search_term_string}"},"query-input":{"@type":"PropertyValueSpecification","valueRequired":true,"valueName":"search_term_string"}}],"inLanguage":"sl-SI"},{"@type":"Organization","@id":"https:\/\/barbaramilavec.com\/#organization","name":"Barbara Milavec s.p.","url":"https:\/\/barbaramilavec.com\/","logo":{"@type":"ImageObject","inLanguage":"sl-SI","@id":"https:\/\/barbaramilavec.com\/#\/schema\/logo\/image\/","url":"https:\/\/barbaramilavec.com\/wp-content\/uploads\/barbara-milavec-photographer.jpg","contentUrl":"https:\/\/barbaramilavec.com\/wp-content\/uploads\/barbara-milavec-photographer.jpg","width":280,"height":280,"caption":"Barbara Milavec s.p."},"image":{"@id":"https:\/\/barbaramilavec.com\/#\/schema\/logo\/image\/"},"sameAs":["https:\/\/www.facebook.com\/BarbaraMilavecPhotography","https:\/\/x.com\/BarbaraMilavec","https:\/\/www.instagram.com\/barbara.milavec","https:\/\/www.linkedin.com\/in\/barbaramilavec"]}]}},"_links":{"self":[{"href":"https:\/\/barbaramilavec.com\/sl\/wp-json\/wp\/v2\/pages\/1714","targetHints":{"allow":["GET"]}}],"collection":[{"href":"https:\/\/barbaramilavec.com\/sl\/wp-json\/wp\/v2\/pages"}],"about":[{"href":"https:\/\/barbaramilavec.com\/sl\/wp-json\/wp\/v2\/types\/page"}],"author":[{"embeddable":true,"href":"https:\/\/barbaramilavec.com\/sl\/wp-json\/wp\/v2\/users\/1"}],"replies":[{"embeddable":true,"href":"https:\/\/barbaramilavec.com\/sl\/wp-json\/wp\/v2\/comments?post=1714"}],"version-history":[{"count":9,"href":"https:\/\/barbaramilavec.com\/sl\/wp-json\/wp\/v2\/pages\/1714\/revisions"}],"predecessor-version":[{"id":4524,"href":"https:\/\/barbaramilavec.com\/sl\/wp-json\/wp\/v2\/pages\/1714\/revisions\/4524"}],"wp:attachment":[{"href":"https:\/\/barbaramilavec.com\/sl\/wp-json\/wp\/v2\/media?parent=1714"}],"curies":[{"name":"wp","href":"https:\/\/api.w.org\/{rel}","templated":true}]}}