{"id":5631,"date":"2022-03-14T23:55:14","date_gmt":"2022-03-14T21:55:14","guid":{"rendered":"https:\/\/barbaramilavec.com\/?page_id=5631"},"modified":"2026-04-17T19:37:29","modified_gmt":"2026-04-17T17:37:29","slug":"lifestyle-portraits-holistics","status":"publish","type":"page","link":"https:\/\/barbaramilavec.com\/sl\/lifestyle-portreti-holistika\/","title":{"rendered":"Holisti\u010dna terapevtka Ana Bergant"},"content":{"rendered":"ngg_shortcode_0_placeholder\n\n\n\n<p><\/p>\n\n\n\n<p>Ana Bergant vam z raznovrstnimi energijskimi terapijami pomaga do notranjega miru in radosti. \u017de 20 let se z odli\u010dnimi rezultati posve\u010da razli\u010dnim holisti\u010dnim tehnikam za ustvarjanje kvalitetnej\u0161ega \u017eivljenja. Z u\u010dinkovitostjo njenih tretmajev imam izjemno dobre izku\u0161nje tudi sama.<\/p>\n\n\n\n<p>Ve\u010d o njenem bogatem delu si lahko preberete na <a href=\"https:\/\/anabergant.com\/\" target=\"_blank\" rel=\"noreferrer noopener\"><strong>njeni spletni strani<\/strong><\/a>.<\/p>","protected":false},"excerpt":{"rendered":"<p>Ana Bergant helps you find inner peace and joy with various energy therapies. She\u2019s been devoted since 20 years to several holistic techniques for creating a better quality of life with excellent results. I also have an extremely good experience with the effectiveness of her treatments. You can read more about her rich and interesting &#8230; <a title=\"Holisti\u010dna terapevtka Ana Bergant\" class=\"read-more\" href=\"https:\/\/barbaramilavec.com\/sl\/lifestyle-portreti-holistika\/\" aria-label=\"Read more about Holistic therapist Ana Bergant\">Read more<\/a><\/p>","protected":false},"author":1,"featured_media":5652,"parent":0,"menu_order":0,"comment_status":"closed","ping_status":"closed","template":"","meta":{"ngg_post_thumbnail":0,"footnotes":""},"class_list":["post-5631","page","type-page","status-publish","has-post-thumbnail"],"yoast_head":"<!-- This site is optimized with the Yoast SEO plugin v27.5 - https:\/\/yoast.com\/product\/yoast-seo-wordpress\/ -->\n<title>Holistic therapist Ana Bergant - Barbara Milavec<\/title>\n<meta name=\"description\" content=\"Ana Bergant helps you find inner peace and joy with various energy therapies. She\u2019s been devoted since 20 years to several holistic techniques for creating a better quality of life with excellent results.\" \/>\n<meta name=\"robots\" content=\"index, follow, max-snippet:-1, max-image-preview:large, max-video-preview:-1\" \/>\n<link rel=\"canonical\" href=\"https:\/\/barbaramilavec.com\/sl\/lifestyle-portraits-holistics\/\" \/>\n<meta property=\"og:locale\" content=\"sl_SI\" \/>\n<meta property=\"og:type\" content=\"article\" \/>\n<meta property=\"og:title\" content=\"Holistic therapist Ana Bergant - Barbara Milavec\" \/>\n<meta property=\"og:description\" content=\"Ana Bergant helps you find inner peace and joy with various energy therapies. She\u2019s been devoted since 20 years to several holistic techniques for creating a better quality of life with excellent results.\" \/>\n<meta property=\"og:url\" content=\"https:\/\/barbaramilavec.com\/sl\/lifestyle-portraits-holistics\/\" \/>\n<meta property=\"og:site_name\" content=\"Barbara Milavec\" \/>\n<meta property=\"article:publisher\" content=\"https:\/\/www.facebook.com\/BarbaraMilavecPhotography\" \/>\n<meta property=\"article:modified_time\" content=\"2026-04-17T17:37:29+00:00\" \/>\n<meta property=\"og:image\" content=\"https:\/\/barbaramilavec.com\/wp-content\/uploads\/Lifestyle-Access-Consciousness-Ana-Bergant-6.jpg\" \/>\n\t<meta property=\"og:image:width\" content=\"960\" \/>\n\t<meta property=\"og:image:height\" content=\"641\" \/>\n\t<meta property=\"og:image:type\" content=\"image\/jpeg\" \/>\n<meta name=\"twitter:card\" content=\"summary_large_image\" \/>\n<meta name=\"twitter:site\" content=\"@BarbaraMilavec\" \/>\n<meta name=\"twitter:label1\" content=\"Est. reading time\" \/>\n\t<meta name=\"twitter:data1\" content=\"1 minuta\" \/>\n<script type=\"application\/ld+json\" class=\"yoast-schema-graph\">{\"@context\":\"https:\\\/\\\/schema.org\",\"@graph\":[{\"@type\":\"WebPage\",\"@id\":\"https:\\\/\\\/barbaramilavec.com\\\/lifestyle-portraits-holistics\\\/\",\"url\":\"https:\\\/\\\/barbaramilavec.com\\\/lifestyle-portraits-holistics\\\/\",\"name\":\"Holistic therapist Ana Bergant - Barbara Milavec\",\"isPartOf\":{\"@id\":\"https:\\\/\\\/barbaramilavec.com\\\/#website\"},\"primaryImageOfPage\":{\"@id\":\"https:\\\/\\\/barbaramilavec.com\\\/lifestyle-portraits-holistics\\\/#primaryimage\"},\"image\":{\"@id\":\"https:\\\/\\\/barbaramilavec.com\\\/lifestyle-portraits-holistics\\\/#primaryimage\"},\"thumbnailUrl\":\"https:\\\/\\\/barbaramilavec.com\\\/wp-content\\\/uploads\\\/Lifestyle-Access-Consciousness-Ana-Bergant-6.jpg\",\"datePublished\":\"2022-03-14T21:55:14+00:00\",\"dateModified\":\"2026-04-17T17:37:29+00:00\",\"description\":\"Ana Bergant helps you find inner peace and joy with various energy therapies. She\u2019s been devoted since 20 years to several holistic techniques for creating a better quality of life with excellent results.\",\"breadcrumb\":{\"@id\":\"https:\\\/\\\/barbaramilavec.com\\\/lifestyle-portraits-holistics\\\/#breadcrumb\"},\"inLanguage\":\"sl-SI\",\"potentialAction\":[{\"@type\":\"ReadAction\",\"target\":[\"https:\\\/\\\/barbaramilavec.com\\\/lifestyle-portraits-holistics\\\/\"]}]},{\"@type\":\"ImageObject\",\"inLanguage\":\"sl-SI\",\"@id\":\"https:\\\/\\\/barbaramilavec.com\\\/lifestyle-portraits-holistics\\\/#primaryimage\",\"url\":\"https:\\\/\\\/barbaramilavec.com\\\/wp-content\\\/uploads\\\/Lifestyle-Access-Consciousness-Ana-Bergant-6.jpg\",\"contentUrl\":\"https:\\\/\\\/barbaramilavec.com\\\/wp-content\\\/uploads\\\/Lifestyle-Access-Consciousness-Ana-Bergant-6.jpg\",\"width\":960,\"height\":641},{\"@type\":\"BreadcrumbList\",\"@id\":\"https:\\\/\\\/barbaramilavec.com\\\/lifestyle-portraits-holistics\\\/#breadcrumb\",\"itemListElement\":[{\"@type\":\"ListItem\",\"position\":1,\"name\":\"Home\",\"item\":\"https:\\\/\\\/barbaramilavec.com\\\/\"},{\"@type\":\"ListItem\",\"position\":2,\"name\":\"Holistic therapist Ana Bergant\"}]},{\"@type\":\"WebSite\",\"@id\":\"https:\\\/\\\/barbaramilavec.com\\\/#website\",\"url\":\"https:\\\/\\\/barbaramilavec.com\\\/\",\"name\":\"Barbara Milavec\",\"description\":\"Photographer\",\"publisher\":{\"@id\":\"https:\\\/\\\/barbaramilavec.com\\\/#organization\"},\"potentialAction\":[{\"@type\":\"SearchAction\",\"target\":{\"@type\":\"EntryPoint\",\"urlTemplate\":\"https:\\\/\\\/barbaramilavec.com\\\/?s={search_term_string}\"},\"query-input\":{\"@type\":\"PropertyValueSpecification\",\"valueRequired\":true,\"valueName\":\"search_term_string\"}}],\"inLanguage\":\"sl-SI\"},{\"@type\":\"Organization\",\"@id\":\"https:\\\/\\\/barbaramilavec.com\\\/#organization\",\"name\":\"Barbara Milavec s.p.\",\"url\":\"https:\\\/\\\/barbaramilavec.com\\\/\",\"logo\":{\"@type\":\"ImageObject\",\"inLanguage\":\"sl-SI\",\"@id\":\"https:\\\/\\\/barbaramilavec.com\\\/#\\\/schema\\\/logo\\\/image\\\/\",\"url\":\"https:\\\/\\\/barbaramilavec.com\\\/wp-content\\\/uploads\\\/barbara-milavec-photographer.jpg\",\"contentUrl\":\"https:\\\/\\\/barbaramilavec.com\\\/wp-content\\\/uploads\\\/barbara-milavec-photographer.jpg\",\"width\":280,\"height\":280,\"caption\":\"Barbara Milavec s.p.\"},\"image\":{\"@id\":\"https:\\\/\\\/barbaramilavec.com\\\/#\\\/schema\\\/logo\\\/image\\\/\"},\"sameAs\":[\"https:\\\/\\\/www.facebook.com\\\/BarbaraMilavecPhotography\",\"https:\\\/\\\/x.com\\\/BarbaraMilavec\",\"https:\\\/\\\/www.instagram.com\\\/barbara.milavec\",\"https:\\\/\\\/www.linkedin.com\\\/in\\\/barbaramilavec\"]}]}<\/script>\n<!-- \/ Yoast SEO plugin. -->","yoast_head_json":{"title":"Holistic therapist Ana Bergant - Barbara Milavec","description":"Ana Bergant vam z raznovrstnimi energijskimi terapijami pomaga do notranjega miru in radosti. \u017de 20 let se z odli\u010dnimi rezultati posve\u010da razli\u010dnim holisti\u010dnim tehnikam za ustvarjanje kvalitetnej\u0161ega \u017eivljenja.","robots":{"index":"index","follow":"follow","max-snippet":"max-snippet:-1","max-image-preview":"max-image-preview:large","max-video-preview":"max-video-preview:-1"},"canonical":"https:\/\/barbaramilavec.com\/sl\/lifestyle-portraits-holistics\/","og_locale":"sl_SI","og_type":"article","og_title":"Holistic therapist Ana Bergant - Barbara Milavec","og_description":"Ana Bergant helps you find inner peace and joy with various energy therapies. She\u2019s been devoted since 20 years to several holistic techniques for creating a better quality of life with excellent results.","og_url":"https:\/\/barbaramilavec.com\/sl\/lifestyle-portraits-holistics\/","og_site_name":"Barbara Milavec","article_publisher":"https:\/\/www.facebook.com\/BarbaraMilavecPhotography","article_modified_time":"2026-04-17T17:37:29+00:00","og_image":[{"width":960,"height":641,"url":"https:\/\/barbaramilavec.com\/wp-content\/uploads\/Lifestyle-Access-Consciousness-Ana-Bergant-6.jpg","type":"image\/jpeg"}],"twitter_card":"summary_large_image","twitter_site":"@BarbaraMilavec","twitter_misc":{"Est. reading time":"1 minuta"},"schema":{"@context":"https:\/\/schema.org","@graph":[{"@type":"WebPage","@id":"https:\/\/barbaramilavec.com\/lifestyle-portraits-holistics\/","url":"https:\/\/barbaramilavec.com\/lifestyle-portraits-holistics\/","name":"Holistic therapist Ana Bergant - Barbara Milavec","isPartOf":{"@id":"https:\/\/barbaramilavec.com\/#website"},"primaryImageOfPage":{"@id":"https:\/\/barbaramilavec.com\/lifestyle-portraits-holistics\/#primaryimage"},"image":{"@id":"https:\/\/barbaramilavec.com\/lifestyle-portraits-holistics\/#primaryimage"},"thumbnailUrl":"https:\/\/barbaramilavec.com\/wp-content\/uploads\/Lifestyle-Access-Consciousness-Ana-Bergant-6.jpg","datePublished":"2022-03-14T21:55:14+00:00","dateModified":"2026-04-17T17:37:29+00:00","description":"Ana Bergant vam z raznovrstnimi energijskimi terapijami pomaga do notranjega miru in radosti. \u017de 20 let se z odli\u010dnimi rezultati posve\u010da razli\u010dnim holisti\u010dnim tehnikam za ustvarjanje kvalitetnej\u0161ega \u017eivljenja.","breadcrumb":{"@id":"https:\/\/barbaramilavec.com\/lifestyle-portraits-holistics\/#breadcrumb"},"inLanguage":"sl-SI","potentialAction":[{"@type":"ReadAction","target":["https:\/\/barbaramilavec.com\/lifestyle-portraits-holistics\/"]}]},{"@type":"ImageObject","inLanguage":"sl-SI","@id":"https:\/\/barbaramilavec.com\/lifestyle-portraits-holistics\/#primaryimage","url":"https:\/\/barbaramilavec.com\/wp-content\/uploads\/Lifestyle-Access-Consciousness-Ana-Bergant-6.jpg","contentUrl":"https:\/\/barbaramilavec.com\/wp-content\/uploads\/Lifestyle-Access-Consciousness-Ana-Bergant-6.jpg","width":960,"height":641},{"@type":"BreadcrumbList","@id":"https:\/\/barbaramilavec.com\/lifestyle-portraits-holistics\/#breadcrumb","itemListElement":[{"@type":"ListItem","position":1,"name":"Home","item":"https:\/\/barbaramilavec.com\/"},{"@type":"ListItem","position":2,"name":"Holistic therapist Ana Bergant"}]},{"@type":"WebSite","@id":"https:\/\/barbaramilavec.com\/#website","url":"https:\/\/barbaramilavec.com\/","name":"Barbara Milavec","description":"Fotografinja","publisher":{"@id":"https:\/\/barbaramilavec.com\/#organization"},"potentialAction":[{"@type":"SearchAction","target":{"@type":"EntryPoint","urlTemplate":"https:\/\/barbaramilavec.com\/?s={search_term_string}"},"query-input":{"@type":"PropertyValueSpecification","valueRequired":true,"valueName":"search_term_string"}}],"inLanguage":"sl-SI"},{"@type":"Organization","@id":"https:\/\/barbaramilavec.com\/#organization","name":"Barbara Milavec s.p.","url":"https:\/\/barbaramilavec.com\/","logo":{"@type":"ImageObject","inLanguage":"sl-SI","@id":"https:\/\/barbaramilavec.com\/#\/schema\/logo\/image\/","url":"https:\/\/barbaramilavec.com\/wp-content\/uploads\/barbara-milavec-photographer.jpg","contentUrl":"https:\/\/barbaramilavec.com\/wp-content\/uploads\/barbara-milavec-photographer.jpg","width":280,"height":280,"caption":"Barbara Milavec s.p."},"image":{"@id":"https:\/\/barbaramilavec.com\/#\/schema\/logo\/image\/"},"sameAs":["https:\/\/www.facebook.com\/BarbaraMilavecPhotography","https:\/\/x.com\/BarbaraMilavec","https:\/\/www.instagram.com\/barbara.milavec","https:\/\/www.linkedin.com\/in\/barbaramilavec"]}]}},"_links":{"self":[{"href":"https:\/\/barbaramilavec.com\/sl\/wp-json\/wp\/v2\/pages\/5631","targetHints":{"allow":["GET"]}}],"collection":[{"href":"https:\/\/barbaramilavec.com\/sl\/wp-json\/wp\/v2\/pages"}],"about":[{"href":"https:\/\/barbaramilavec.com\/sl\/wp-json\/wp\/v2\/types\/page"}],"author":[{"embeddable":true,"href":"https:\/\/barbaramilavec.com\/sl\/wp-json\/wp\/v2\/users\/1"}],"replies":[{"embeddable":true,"href":"https:\/\/barbaramilavec.com\/sl\/wp-json\/wp\/v2\/comments?post=5631"}],"version-history":[{"count":15,"href":"https:\/\/barbaramilavec.com\/sl\/wp-json\/wp\/v2\/pages\/5631\/revisions"}],"predecessor-version":[{"id":6319,"href":"https:\/\/barbaramilavec.com\/sl\/wp-json\/wp\/v2\/pages\/5631\/revisions\/6319"}],"wp:featuredmedia":[{"embeddable":true,"href":"https:\/\/barbaramilavec.com\/sl\/wp-json\/wp\/v2\/media\/5652"}],"wp:attachment":[{"href":"https:\/\/barbaramilavec.com\/sl\/wp-json\/wp\/v2\/media?parent=5631"}],"curies":[{"name":"wp","href":"https:\/\/api.w.org\/{rel}","templated":true}]}}