{"id":6132,"date":"2025-03-20T22:39:24","date_gmt":"2025-03-20T20:39:24","guid":{"rendered":"https:\/\/barbaramilavec.com\/?page_id=6132"},"modified":"2025-10-02T23:24:51","modified_gmt":"2025-10-02T21:24:51","slug":"contact","status":"publish","type":"page","link":"https:\/\/barbaramilavec.com\/sl\/kontakt\/","title":{"rendered":"KONTAKT"},"content":{"rendered":"<div style=\"height:68px\" aria-hidden=\"true\" class=\"wp-block-spacer\"><\/div>\n\n\n\n<p><strong>Ustvarimo nekaj lepega skupaj. <\/strong><\/p>\n\n\n\n<p><strong>Za vsa povpra\u0161evanja in komentarje vas vabim, da me kontaktirate preko elektronske po\u0161te barbara@barbaramilavec.com ali telefonske \u0161tevilke 068 621 733.<\/strong><\/p>\n\n\n\n<p><strong>Veselim se va\u0161ega sporo\u010dila!<\/strong><\/p>\n\n\n\n<figure class=\"wp-block-image size-full\"><img fetchpriority=\"high\" decoding=\"async\" width=\"400\" height=\"517\" src=\"https:\/\/barbaramilavec.com\/wp-content\/uploads\/Barbara-Milavec-cs.jpg\" alt=\"Photographer Fotografinja Barbara Milavec\" class=\"wp-image-5042\" srcset=\"https:\/\/barbaramilavec.com\/wp-content\/uploads\/Barbara-Milavec-cs.jpg 400w, https:\/\/barbaramilavec.com\/wp-content\/uploads\/Barbara-Milavec-cs-232x300.jpg 232w\" sizes=\"(max-width: 400px) 100vw, 400px\" \/><\/figure>","protected":false},"excerpt":{"rendered":"<p>Let&#8217;s connect! For all inquiries or comments, please get in touch with me at\u00a0barbara@barbaramilavec.com, or by phone: +386 68 621 733 I look forward to hearing from you!<\/p>","protected":false},"author":1,"featured_media":0,"parent":0,"menu_order":0,"comment_status":"closed","ping_status":"closed","template":"","meta":{"ngg_post_thumbnail":0,"footnotes":""},"class_list":["post-6132","page","type-page","status-publish"],"yoast_head":"<!-- This site is optimized with the Yoast SEO plugin v27.5 - https:\/\/yoast.com\/product\/yoast-seo-wordpress\/ -->\n<title>CONTACT - Barbara Milavec<\/title>\n<meta name=\"robots\" content=\"index, follow, max-snippet:-1, max-image-preview:large, max-video-preview:-1\" \/>\n<link rel=\"canonical\" href=\"https:\/\/barbaramilavec.com\/sl\/contact\/\" \/>\n<meta property=\"og:locale\" content=\"sl_SI\" \/>\n<meta property=\"og:type\" content=\"article\" \/>\n<meta property=\"og:title\" content=\"CONTACT - Barbara Milavec\" \/>\n<meta property=\"og:description\" content=\"Let&#8217;s connect! For all inquiries or comments, please get in touch with me at\u00a0barbara@barbaramilavec.com, or by phone: +386 68 621 733 I look forward to hearing from you!\" \/>\n<meta property=\"og:url\" content=\"https:\/\/barbaramilavec.com\/sl\/contact\/\" \/>\n<meta property=\"og:site_name\" content=\"Barbara Milavec\" \/>\n<meta property=\"article:publisher\" content=\"https:\/\/www.facebook.com\/BarbaraMilavecPhotography\" \/>\n<meta property=\"article:modified_time\" content=\"2025-10-02T21:24:51+00:00\" \/>\n<meta property=\"og:image\" content=\"https:\/\/barbaramilavec.com\/wp-content\/uploads\/Barbara-Milavec-cs.jpg\" \/>\n\t<meta property=\"og:image:width\" content=\"400\" \/>\n\t<meta property=\"og:image:height\" content=\"517\" \/>\n\t<meta property=\"og:image:type\" content=\"image\/jpeg\" \/>\n<meta name=\"twitter:card\" content=\"summary_large_image\" \/>\n<meta name=\"twitter:site\" content=\"@BarbaraMilavec\" \/>\n<meta name=\"twitter:label1\" content=\"Est. reading time\" \/>\n\t<meta name=\"twitter:data1\" content=\"1 minuta\" \/>\n<script type=\"application\/ld+json\" class=\"yoast-schema-graph\">{\"@context\":\"https:\\\/\\\/schema.org\",\"@graph\":[{\"@type\":\"WebPage\",\"@id\":\"https:\\\/\\\/barbaramilavec.com\\\/contact\\\/\",\"url\":\"https:\\\/\\\/barbaramilavec.com\\\/contact\\\/\",\"name\":\"CONTACT - Barbara Milavec\",\"isPartOf\":{\"@id\":\"https:\\\/\\\/barbaramilavec.com\\\/#website\"},\"primaryImageOfPage\":{\"@id\":\"https:\\\/\\\/barbaramilavec.com\\\/contact\\\/#primaryimage\"},\"image\":{\"@id\":\"https:\\\/\\\/barbaramilavec.com\\\/contact\\\/#primaryimage\"},\"thumbnailUrl\":\"https:\\\/\\\/barbaramilavec.com\\\/wp-content\\\/uploads\\\/Barbara-Milavec-cs.jpg\",\"datePublished\":\"2025-03-20T20:39:24+00:00\",\"dateModified\":\"2025-10-02T21:24:51+00:00\",\"breadcrumb\":{\"@id\":\"https:\\\/\\\/barbaramilavec.com\\\/contact\\\/#breadcrumb\"},\"inLanguage\":\"sl-SI\",\"potentialAction\":[{\"@type\":\"ReadAction\",\"target\":[\"https:\\\/\\\/barbaramilavec.com\\\/contact\\\/\"]}]},{\"@type\":\"ImageObject\",\"inLanguage\":\"sl-SI\",\"@id\":\"https:\\\/\\\/barbaramilavec.com\\\/contact\\\/#primaryimage\",\"url\":\"https:\\\/\\\/barbaramilavec.com\\\/wp-content\\\/uploads\\\/Barbara-Milavec-cs.jpg\",\"contentUrl\":\"https:\\\/\\\/barbaramilavec.com\\\/wp-content\\\/uploads\\\/Barbara-Milavec-cs.jpg\"},{\"@type\":\"BreadcrumbList\",\"@id\":\"https:\\\/\\\/barbaramilavec.com\\\/contact\\\/#breadcrumb\",\"itemListElement\":[{\"@type\":\"ListItem\",\"position\":1,\"name\":\"Home\",\"item\":\"https:\\\/\\\/barbaramilavec.com\\\/\"},{\"@type\":\"ListItem\",\"position\":2,\"name\":\"CONTACT\"}]},{\"@type\":\"WebSite\",\"@id\":\"https:\\\/\\\/barbaramilavec.com\\\/#website\",\"url\":\"https:\\\/\\\/barbaramilavec.com\\\/\",\"name\":\"Barbara Milavec\",\"description\":\"Photographer\",\"publisher\":{\"@id\":\"https:\\\/\\\/barbaramilavec.com\\\/#organization\"},\"potentialAction\":[{\"@type\":\"SearchAction\",\"target\":{\"@type\":\"EntryPoint\",\"urlTemplate\":\"https:\\\/\\\/barbaramilavec.com\\\/?s={search_term_string}\"},\"query-input\":{\"@type\":\"PropertyValueSpecification\",\"valueRequired\":true,\"valueName\":\"search_term_string\"}}],\"inLanguage\":\"sl-SI\"},{\"@type\":\"Organization\",\"@id\":\"https:\\\/\\\/barbaramilavec.com\\\/#organization\",\"name\":\"Barbara Milavec s.p.\",\"url\":\"https:\\\/\\\/barbaramilavec.com\\\/\",\"logo\":{\"@type\":\"ImageObject\",\"inLanguage\":\"sl-SI\",\"@id\":\"https:\\\/\\\/barbaramilavec.com\\\/#\\\/schema\\\/logo\\\/image\\\/\",\"url\":\"https:\\\/\\\/barbaramilavec.com\\\/wp-content\\\/uploads\\\/barbara-milavec-photographer.jpg\",\"contentUrl\":\"https:\\\/\\\/barbaramilavec.com\\\/wp-content\\\/uploads\\\/barbara-milavec-photographer.jpg\",\"width\":280,\"height\":280,\"caption\":\"Barbara Milavec s.p.\"},\"image\":{\"@id\":\"https:\\\/\\\/barbaramilavec.com\\\/#\\\/schema\\\/logo\\\/image\\\/\"},\"sameAs\":[\"https:\\\/\\\/www.facebook.com\\\/BarbaraMilavecPhotography\",\"https:\\\/\\\/x.com\\\/BarbaraMilavec\",\"https:\\\/\\\/www.instagram.com\\\/barbara.milavec\",\"https:\\\/\\\/www.linkedin.com\\\/in\\\/barbaramilavec\"]}]}<\/script>\n<!-- \/ Yoast SEO plugin. -->","yoast_head_json":{"title":"CONTACT - Barbara Milavec","robots":{"index":"index","follow":"follow","max-snippet":"max-snippet:-1","max-image-preview":"max-image-preview:large","max-video-preview":"max-video-preview:-1"},"canonical":"https:\/\/barbaramilavec.com\/sl\/contact\/","og_locale":"sl_SI","og_type":"article","og_title":"CONTACT - Barbara Milavec","og_description":"Let&#8217;s connect! For all inquiries or comments, please get in touch with me at\u00a0barbara@barbaramilavec.com, or by phone: +386 68 621 733 I look forward to hearing from you!","og_url":"https:\/\/barbaramilavec.com\/sl\/contact\/","og_site_name":"Barbara Milavec","article_publisher":"https:\/\/www.facebook.com\/BarbaraMilavecPhotography","article_modified_time":"2025-10-02T21:24:51+00:00","og_image":[{"width":400,"height":517,"url":"https:\/\/barbaramilavec.com\/wp-content\/uploads\/Barbara-Milavec-cs.jpg","type":"image\/jpeg"}],"twitter_card":"summary_large_image","twitter_site":"@BarbaraMilavec","twitter_misc":{"Est. reading time":"1 minuta"},"schema":{"@context":"https:\/\/schema.org","@graph":[{"@type":"WebPage","@id":"https:\/\/barbaramilavec.com\/contact\/","url":"https:\/\/barbaramilavec.com\/contact\/","name":"CONTACT - Barbara Milavec","isPartOf":{"@id":"https:\/\/barbaramilavec.com\/#website"},"primaryImageOfPage":{"@id":"https:\/\/barbaramilavec.com\/contact\/#primaryimage"},"image":{"@id":"https:\/\/barbaramilavec.com\/contact\/#primaryimage"},"thumbnailUrl":"https:\/\/barbaramilavec.com\/wp-content\/uploads\/Barbara-Milavec-cs.jpg","datePublished":"2025-03-20T20:39:24+00:00","dateModified":"2025-10-02T21:24:51+00:00","breadcrumb":{"@id":"https:\/\/barbaramilavec.com\/contact\/#breadcrumb"},"inLanguage":"sl-SI","potentialAction":[{"@type":"ReadAction","target":["https:\/\/barbaramilavec.com\/contact\/"]}]},{"@type":"ImageObject","inLanguage":"sl-SI","@id":"https:\/\/barbaramilavec.com\/contact\/#primaryimage","url":"https:\/\/barbaramilavec.com\/wp-content\/uploads\/Barbara-Milavec-cs.jpg","contentUrl":"https:\/\/barbaramilavec.com\/wp-content\/uploads\/Barbara-Milavec-cs.jpg"},{"@type":"BreadcrumbList","@id":"https:\/\/barbaramilavec.com\/contact\/#breadcrumb","itemListElement":[{"@type":"ListItem","position":1,"name":"Home","item":"https:\/\/barbaramilavec.com\/"},{"@type":"ListItem","position":2,"name":"CONTACT"}]},{"@type":"WebSite","@id":"https:\/\/barbaramilavec.com\/#website","url":"https:\/\/barbaramilavec.com\/","name":"Barbara Milavec","description":"Fotografinja","publisher":{"@id":"https:\/\/barbaramilavec.com\/#organization"},"potentialAction":[{"@type":"SearchAction","target":{"@type":"EntryPoint","urlTemplate":"https:\/\/barbaramilavec.com\/?s={search_term_string}"},"query-input":{"@type":"PropertyValueSpecification","valueRequired":true,"valueName":"search_term_string"}}],"inLanguage":"sl-SI"},{"@type":"Organization","@id":"https:\/\/barbaramilavec.com\/#organization","name":"Barbara Milavec s.p.","url":"https:\/\/barbaramilavec.com\/","logo":{"@type":"ImageObject","inLanguage":"sl-SI","@id":"https:\/\/barbaramilavec.com\/#\/schema\/logo\/image\/","url":"https:\/\/barbaramilavec.com\/wp-content\/uploads\/barbara-milavec-photographer.jpg","contentUrl":"https:\/\/barbaramilavec.com\/wp-content\/uploads\/barbara-milavec-photographer.jpg","width":280,"height":280,"caption":"Barbara Milavec s.p."},"image":{"@id":"https:\/\/barbaramilavec.com\/#\/schema\/logo\/image\/"},"sameAs":["https:\/\/www.facebook.com\/BarbaraMilavecPhotography","https:\/\/x.com\/BarbaraMilavec","https:\/\/www.instagram.com\/barbara.milavec","https:\/\/www.linkedin.com\/in\/barbaramilavec"]}]}},"_links":{"self":[{"href":"https:\/\/barbaramilavec.com\/sl\/wp-json\/wp\/v2\/pages\/6132","targetHints":{"allow":["GET"]}}],"collection":[{"href":"https:\/\/barbaramilavec.com\/sl\/wp-json\/wp\/v2\/pages"}],"about":[{"href":"https:\/\/barbaramilavec.com\/sl\/wp-json\/wp\/v2\/types\/page"}],"author":[{"embeddable":true,"href":"https:\/\/barbaramilavec.com\/sl\/wp-json\/wp\/v2\/users\/1"}],"replies":[{"embeddable":true,"href":"https:\/\/barbaramilavec.com\/sl\/wp-json\/wp\/v2\/comments?post=6132"}],"version-history":[{"count":14,"href":"https:\/\/barbaramilavec.com\/sl\/wp-json\/wp\/v2\/pages\/6132\/revisions"}],"predecessor-version":[{"id":6271,"href":"https:\/\/barbaramilavec.com\/sl\/wp-json\/wp\/v2\/pages\/6132\/revisions\/6271"}],"wp:attachment":[{"href":"https:\/\/barbaramilavec.com\/sl\/wp-json\/wp\/v2\/media?parent=6132"}],"curies":[{"name":"wp","href":"https:\/\/api.w.org\/{rel}","templated":true}]}}